{"id":64,"date":"2025-01-12T18:43:09","date_gmt":"2025-01-12T18:43:09","guid":{"rendered":"https:\/\/tuastroguia.com\/?page_id=64"},"modified":"2025-05-06T18:04:40","modified_gmt":"2025-05-06T18:04:40","slug":"inicio","status":"publish","type":"page","link":"https:\/\/tuastroguia.com\/","title":{"rendered":"Inicio"},"content":{"rendered":"\t\t<div data-elementor-type=\"wp-page\" data-elementor-id=\"64\" class=\"elementor elementor-64\" data-elementor-post-type=\"page\">\n\t\t\t\t<div class=\"elementor-element elementor-element-e73e282 e-flex e-con-boxed e-con e-parent\" data-id=\"e73e282\" data-element_type=\"container\">\n\t\t\t\t\t<div class=\"e-con-inner\">\n\t\t\t\t<div class=\"elementor-element elementor-element-acb8aac elementor-widget elementor-widget-heading\" data-id=\"acb8aac\" data-element_type=\"widget\" data-widget_type=\"heading.default\">\n\t\t\t\t<div class=\"elementor-widget-container\">\n\t\t\t\t\t<h2 class=\"elementor-heading-title elementor-size-default\">Bienvenido a TUASTROGUIA, tu fuente confiable para un hor\u00f3scopo totalmente personalizado y basado en la ciencia astron\u00f3mica. En nuestra p\u00e1gina, www.tuastroguia.com, te ofrecemos predicciones astrol\u00f3gicas precisas, fundamentadas en los movimientos de los astros, las fases lunares, los efectos estelares y planetarios. Olvidate de las supersticiones: aqu\u00ed nos basamos exclusivamente en datos cient\u00edficos y observaciones astron\u00f3micas. Tu hor\u00f3scopo, de hoy y todos los d\u00edas, es 100% genuino y alineado con la ciencia.<br> \u00a1Descubre lo que los astros tienen reservado para ti!<\/h2>\t\t\t\t<\/div>\n\t\t\t\t<\/div>\n\t\t\t\t\t<\/div>\n\t\t\t\t<\/div>\n\t\t<div class=\"elementor-element elementor-element-19dd31f e-flex e-con-boxed e-con e-parent\" data-id=\"19dd31f\" data-element_type=\"container\">\n\t\t\t\t\t<div class=\"e-con-inner\">\n\t\t\t\t<div class=\"elementor-element elementor-element-1fbbd16 elementor-widget-divider--view-line_icon elementor-view-default elementor-widget-divider--element-align-center elementor-widget elementor-widget-divider\" data-id=\"1fbbd16\" data-element_type=\"widget\" data-widget_type=\"divider.default\">\n\t\t\t\t<div class=\"elementor-widget-container\">\n\t\t\t\t\t\t\t<div class=\"elementor-divider\">\n\t\t\t<span class=\"elementor-divider-separator\">\n\t\t\t\t\t\t\t<div class=\"elementor-icon elementor-divider__element\">\n\t\t\t\t\t<svg aria-hidden=\"true\" class=\"e-font-icon-svg e-fas-star-and-crescent\" viewBox=\"0 0 512 512\" xmlns=\"http:\/\/www.w3.org\/2000\/svg\"><path d=\"M340.47 466.36c-1.45 0-6.89.46-9.18.46-116.25 0-210.82-94.57-210.82-210.82S215.04 45.18 331.29 45.18c2.32 0 7.7.46 9.18.46 7.13 0 13.33-5.03 14.75-12.07 1.46-7.25-2.55-14.49-9.47-17.09C316.58 5.54 286.39 0 256 0 114.84 0 0 114.84 0 256s114.84 256 256 256c30.23 0 60.28-5.49 89.32-16.32 5.96-2.02 10.28-7.64 10.28-14.26 0-8.09-6.39-15.06-15.13-15.06zm162.99-252.5l-76.38-11.1-34.16-69.21c-1.83-3.7-5.38-5.55-8.93-5.55s-7.1 1.85-8.93 5.55l-34.16 69.21-76.38 11.1c-8.17 1.18-11.43 11.22-5.52 16.99l55.27 53.87-13.05 76.07c-1.11 6.44 4.01 11.66 9.81 11.66 1.53 0 3.11-.36 4.64-1.17L384 335.37l68.31 35.91c1.53.8 3.11 1.17 4.64 1.17 5.8 0 10.92-5.23 9.81-11.66l-13.05-76.07 55.27-53.87c5.91-5.77 2.65-15.81-5.52-16.99z\"><\/path><\/svg><\/div>\n\t\t\t\t\t\t<\/span>\n\t\t<\/div>\n\t\t\t\t\t\t<\/div>\n\t\t\t\t<\/div>\n\t\t\t\t\t<\/div>\n\t\t\t\t<\/div>\n\t\t<div class=\"elementor-element elementor-element-198ed5b e-con-full vista e-flex e-con e-parent\" data-id=\"198ed5b\" data-element_type=\"container\">\n\t\t\t\t<div class=\"elementor-element elementor-element-ffd1ec6 elementor-widget elementor-widget-heading\" data-id=\"ffd1ec6\" data-element_type=\"widget\" data-widget_type=\"heading.default\">\n\t\t\t\t<div class=\"elementor-widget-container\">\n\t\t\t\t\t<h2 class=\"elementor-heading-title elementor-size-default\">Elige tu signo zodiacal y descubre tu hor\u00f3scopo de hoy.<\/h2>\t\t\t\t<\/div>\n\t\t\t\t<\/div>\n\t\t\t\t<\/div>\n\t\t<a class=\"elementor-element elementor-element-f0e57a0 e-con-full vista e-flex e-con e-parent\" data-id=\"f0e57a0\" data-element_type=\"container\" href=\"#resumen\">\n\t\t<div class=\"elementor-element elementor-element-a31e7a5 e-con-full hs-box e-flex e-con e-child\" data-id=\"a31e7a5\" data-element_type=\"container\" data-settings=\"{&quot;animation&quot;:&quot;none&quot;,&quot;animation_delay&quot;:6}\">\n\t\t\t\t<div class=\"elementor-element elementor-element-19f417c signos-img elementor-widget__width-initial elementor-widget elementor-widget-image\" data-id=\"19f417c\" data-element_type=\"widget\" id=\"s1\" data-settings=\"{&quot;_animation&quot;:&quot;none&quot;}\" data-widget_type=\"image.default\">\n\t\t\t\t<div class=\"elementor-widget-container\">\n\t\t\t\t\t\t\t\t\t\t\t\t<figure class=\"wp-caption\">\n\t\t\t\t\t\t\t\t\t\t<img decoding=\"async\" src=\"https:\/\/tuastroguia.com\/wp-content\/uploads\/elementor\/thumbs\/ARIES-FULL-SINFONDO-r05bdekmsvdwnvwaw0di46pzaar2s57t87ao0x0rus.png\" title=\"ARIES-FULL-SINFONDO\" alt=\"ARIES-FULL-SINFONDO\" loading=\"lazy\" \/>\t\t\t\t\t\t\t\t\t\t\t<figcaption class=\"widget-image-caption wp-caption-text\">Aries<\/figcaption>\n\t\t\t\t\t\t\t\t\t\t<\/figure>\n\t\t\t\t\t\t\t\t\t<\/div>\n\t\t\t\t<\/div>\n\t\t\t\t<\/div>\n\t\t<div class=\"elementor-element elementor-element-4c77c63 e-con-full hs-box e-flex e-con e-child\" data-id=\"4c77c63\" data-element_type=\"container\">\n\t\t\t\t<div class=\"elementor-element elementor-element-76bb64e signos-img elementor-widget elementor-widget-image\" data-id=\"76bb64e\" data-element_type=\"widget\" id=\"s2\" data-settings=\"{&quot;_animation&quot;:&quot;none&quot;}\" data-widget_type=\"image.default\">\n\t\t\t\t<div class=\"elementor-widget-container\">\n\t\t\t\t\t\t\t\t\t\t\t\t<figure class=\"wp-caption\">\n\t\t\t\t\t\t\t\t\t\t<img decoding=\"async\" src=\"https:\/\/tuastroguia.com\/wp-content\/uploads\/elementor\/thumbs\/TAURO-FULL-SINFONDO-r05beomq850lmkuruydc7yzehwv84hm8bppz5m67e0.png\" title=\"TAURO-FULL-SINFONDO\" alt=\"TAURO-FULL-SINFONDO\" loading=\"lazy\" \/>\t\t\t\t\t\t\t\t\t\t\t<figcaption class=\"widget-image-caption wp-caption-text\">Tauro<\/figcaption>\n\t\t\t\t\t\t\t\t\t\t<\/figure>\n\t\t\t\t\t\t\t\t\t<\/div>\n\t\t\t\t<\/div>\n\t\t\t\t<\/div>\n\t\t<div class=\"elementor-element elementor-element-4fd9634 e-con-full hs-box e-flex e-con e-child\" data-id=\"4fd9634\" data-element_type=\"container\">\n\t\t\t\t<div class=\"elementor-element elementor-element-bd86437 signos-img elementor-widget elementor-widget-image\" data-id=\"bd86437\" data-element_type=\"widget\" id=\"s3\" data-settings=\"{&quot;_animation&quot;:&quot;none&quot;}\" data-widget_type=\"image.default\">\n\t\t\t\t<div class=\"elementor-widget-container\">\n\t\t\t\t\t\t\t\t\t\t\t\t<figure class=\"wp-caption\">\n\t\t\t\t\t\t\t\t\t\t<img decoding=\"async\" src=\"https:\/\/tuastroguia.com\/wp-content\/uploads\/elementor\/thumbs\/GEMINIS-FULL-SINFONDO-r05beaj5dmhasff95a9xokjhl4spx1299rxoygr3zc.png\" title=\"GEMINIS-FULL-SINFONDO\" alt=\"GEMINIS-FULL-SINFONDO\" loading=\"lazy\" \/>\t\t\t\t\t\t\t\t\t\t\t<figcaption class=\"widget-image-caption wp-caption-text\">Geminis<\/figcaption>\n\t\t\t\t\t\t\t\t\t\t<\/figure>\n\t\t\t\t\t\t\t\t\t<\/div>\n\t\t\t\t<\/div>\n\t\t\t\t<\/div>\n\t\t<div class=\"elementor-element elementor-element-acb6e15 e-con-full hs-box e-flex e-con e-child\" data-id=\"acb6e15\" data-element_type=\"container\">\n\t\t\t\t<div class=\"elementor-element elementor-element-addba5e signos-img elementor-widget elementor-widget-image\" data-id=\"addba5e\" data-element_type=\"widget\" id=\"s4\" data-settings=\"{&quot;_animation&quot;:&quot;none&quot;}\" data-widget_type=\"image.default\">\n\t\t\t\t<div class=\"elementor-widget-container\">\n\t\t\t\t\t\t\t\t\t\t\t\t<figure class=\"wp-caption\">\n\t\t\t\t\t\t\t\t\t\t<img decoding=\"async\" src=\"https:\/\/tuastroguia.com\/wp-content\/uploads\/elementor\/thumbs\/CANCER-FULL-SINFONDO-r05be14rha4fkbswo67nzmwvna31s20xwheu5p51pk.png\" title=\"CANCER-FULL-SINFONDO\" alt=\"CANCER-FULL-SINFONDO\" loading=\"lazy\" \/>\t\t\t\t\t\t\t\t\t\t\t<figcaption class=\"widget-image-caption wp-caption-text\">Cancer<\/figcaption>\n\t\t\t\t\t\t\t\t\t\t<\/figure>\n\t\t\t\t\t\t\t\t\t<\/div>\n\t\t\t\t<\/div>\n\t\t\t\t<\/div>\n\t\t\t\t<\/a>\n\t\t<a class=\"elementor-element elementor-element-4fed386 e-con-full vista e-flex e-con e-parent\" data-id=\"4fed386\" data-element_type=\"container\" href=\"#resumen\">\n\t\t<div class=\"elementor-element elementor-element-64bd365 e-con-full hs-box e-flex e-con e-child\" data-id=\"64bd365\" data-element_type=\"container\" data-settings=\"{&quot;animation&quot;:&quot;none&quot;,&quot;animation_delay&quot;:6}\">\n\t\t\t\t<div class=\"elementor-element elementor-element-74c390b signos-img elementor-widget__width-initial elementor-widget elementor-widget-image\" data-id=\"74c390b\" data-element_type=\"widget\" id=\"s5\" data-settings=\"{&quot;_animation&quot;:&quot;none&quot;}\" data-widget_type=\"image.default\">\n\t\t\t\t<div class=\"elementor-widget-container\">\n\t\t\t\t\t\t\t\t\t\t\t\t<figure class=\"wp-caption\">\n\t\t\t\t\t\t\t\t\t\t<img decoding=\"async\" src=\"https:\/\/tuastroguia.com\/wp-content\/uploads\/elementor\/thumbs\/LEO-FULL-SINFONDO-r05bedcntqpilghs8xep6fy19jznoy1vozfms5l7gk.png\" title=\"LEO-FULL-SINFONDO\" alt=\"LEO-FULL-SINFONDO\" loading=\"lazy\" \/>\t\t\t\t\t\t\t\t\t\t\t<figcaption class=\"widget-image-caption wp-caption-text\">Leo<\/figcaption>\n\t\t\t\t\t\t\t\t\t\t<\/figure>\n\t\t\t\t\t\t\t\t\t<\/div>\n\t\t\t\t<\/div>\n\t\t\t\t<\/div>\n\t\t<div class=\"elementor-element elementor-element-af835f7 e-con-full hs-box e-flex e-con e-child\" data-id=\"af835f7\" data-element_type=\"container\">\n\t\t\t\t<div class=\"elementor-element elementor-element-223da1f signos-img elementor-widget elementor-widget-image\" data-id=\"223da1f\" data-element_type=\"widget\" id=\"s6\" data-settings=\"{&quot;_animation&quot;:&quot;none&quot;}\" data-widget_type=\"image.default\">\n\t\t\t\t<div class=\"elementor-widget-container\">\n\t\t\t\t\t\t\t\t\t\t\t\t<figure class=\"wp-caption\">\n\t\t\t\t\t\t\t\t\t\t<img decoding=\"async\" src=\"https:\/\/tuastroguia.com\/wp-content\/uploads\/elementor\/thumbs\/VIRGO-FULL-SINFONDO-r05beqielt369ss1jz6lcyiboolyjvtozz0y463f1k.png\" title=\"VIRGO-FULL-SINFONDO\" alt=\"VIRGO-FULL-SINFONDO\" loading=\"lazy\" \/>\t\t\t\t\t\t\t\t\t\t\t<figcaption class=\"widget-image-caption wp-caption-text\">Virgo<\/figcaption>\n\t\t\t\t\t\t\t\t\t\t<\/figure>\n\t\t\t\t\t\t\t\t\t<\/div>\n\t\t\t\t<\/div>\n\t\t\t\t<\/div>\n\t\t<div class=\"elementor-element elementor-element-e71468d e-con-full hs-box e-flex e-con e-child\" data-id=\"e71468d\" data-element_type=\"container\">\n\t\t\t\t<div class=\"elementor-element elementor-element-41c4570 signos-img elementor-widget elementor-widget-image\" data-id=\"41c4570\" data-element_type=\"widget\" id=\"s7\" data-settings=\"{&quot;_animation&quot;:&quot;none&quot;}\" data-widget_type=\"image.default\">\n\t\t\t\t<div class=\"elementor-widget-container\">\n\t\t\t\t\t\t\t\t\t\t\t\t<figure class=\"wp-caption\">\n\t\t\t\t\t\t\t\t\t\t<img decoding=\"async\" src=\"https:\/\/tuastroguia.com\/wp-content\/uploads\/elementor\/thumbs\/LIBRA-FULL-SINFONDO-r05beg66imp0q3728cpp3j495g0x77onajulu4iqy0.png\" title=\"LIBRA-FULL-SINFONDO\" alt=\"LIBRA-FULL-SINFONDO\" loading=\"lazy\" \/>\t\t\t\t\t\t\t\t\t\t\t<figcaption class=\"widget-image-caption wp-caption-text\">Libra<\/figcaption>\n\t\t\t\t\t\t\t\t\t\t<\/figure>\n\t\t\t\t\t\t\t\t\t<\/div>\n\t\t\t\t<\/div>\n\t\t\t\t<\/div>\n\t\t<div class=\"elementor-element elementor-element-1b7b637 e-con-full hs-box e-flex e-con e-child\" data-id=\"1b7b637\" data-element_type=\"container\">\n\t\t\t\t<div class=\"elementor-element elementor-element-2d6d0ce signos-img elementor-widget elementor-widget-image\" data-id=\"2d6d0ce\" data-element_type=\"widget\" id=\"s8\" data-settings=\"{&quot;_animation&quot;:&quot;none&quot;}\" data-widget_type=\"image.default\">\n\t\t\t\t<div class=\"elementor-widget-container\">\n\t\t\t\t\t\t\t\t\t\t\t\t<figure class=\"wp-caption\">\n\t\t\t\t\t\t\t\t\t\t<img decoding=\"async\" src=\"https:\/\/tuastroguia.com\/wp-content\/uploads\/elementor\/thumbs\/ESCORPION-FULL-SINFONDO-r05be7pmt4dftljclr21z393sz6m9xr29dz8imvai0.png\" title=\"ESCORPION-FULL-SINFONDO\" alt=\"ESCORPION-FULL-SINFONDO\" loading=\"lazy\" \/>\t\t\t\t\t\t\t\t\t\t\t<figcaption class=\"widget-image-caption wp-caption-text\">Escorpio<\/figcaption>\n\t\t\t\t\t\t\t\t\t\t<\/figure>\n\t\t\t\t\t\t\t\t\t<\/div>\n\t\t\t\t<\/div>\n\t\t\t\t<\/div>\n\t\t\t\t<\/a>\n\t\t<a class=\"elementor-element elementor-element-5c8069f e-con-full vista e-flex e-con e-parent\" data-id=\"5c8069f\" data-element_type=\"container\" href=\"#resumen\">\n\t\t<div class=\"elementor-element elementor-element-89c2a4d e-con-full hs-box e-flex e-con e-child\" data-id=\"89c2a4d\" data-element_type=\"container\" data-settings=\"{&quot;animation&quot;:&quot;none&quot;,&quot;animation_delay&quot;:6}\">\n\t\t\t\t<div class=\"elementor-element elementor-element-7410fb4 signos-img elementor-widget__width-initial elementor-widget elementor-widget-image\" data-id=\"7410fb4\" data-element_type=\"widget\" id=\"s9\" data-settings=\"{&quot;_animation&quot;:&quot;none&quot;}\" data-widget_type=\"image.default\">\n\t\t\t\t<div class=\"elementor-widget-container\">\n\t\t\t\t\t\t\t\t\t\t\t\t<figure class=\"wp-caption\">\n\t\t\t\t\t\t\t\t\t\t<img decoding=\"async\" src=\"https:\/\/tuastroguia.com\/wp-content\/uploads\/elementor\/thumbs\/SAGITARIO-FULL-SINFONDO-r05belt7j913hy5hvj2cavt6m0tym7zgq5b03n8nwk.png\" title=\"SAGITARIO-FULL-SINFONDO\" alt=\"SAGITARIO-FULL-SINFONDO\" loading=\"lazy\" \/>\t\t\t\t\t\t\t\t\t\t\t<figcaption class=\"widget-image-caption wp-caption-text\">Sagitario<\/figcaption>\n\t\t\t\t\t\t\t\t\t\t<\/figure>\n\t\t\t\t\t\t\t\t\t<\/div>\n\t\t\t\t<\/div>\n\t\t\t\t<\/div>\n\t\t<div class=\"elementor-element elementor-element-76fd551 e-con-full hs-box e-flex e-con e-child\" data-id=\"76fd551\" data-element_type=\"container\">\n\t\t\t\t<div class=\"elementor-element elementor-element-703e62e signos-img elementor-widget elementor-widget-image\" data-id=\"703e62e\" data-element_type=\"widget\" id=\"s10\" data-settings=\"{&quot;_animation&quot;:&quot;none&quot;}\" data-widget_type=\"image.default\">\n\t\t\t\t<div class=\"elementor-widget-container\">\n\t\t\t\t\t\t\t\t\t\t\t\t<figure class=\"wp-caption\">\n\t\t\t\t\t\t\t\t\t\t<img decoding=\"async\" src=\"https:\/\/tuastroguia.com\/wp-content\/uploads\/elementor\/thumbs\/CAPRICORNO-FULL-SINFONDO-r05be4w48m9kurng27u69lyq0tkimufv900s2szh0o.png\" title=\"CAPRICORNO-FULL-SINFONDO\" alt=\"CAPRICORNO-FULL-SINFONDO\" loading=\"lazy\" \/>\t\t\t\t\t\t\t\t\t\t\t<figcaption class=\"widget-image-caption wp-caption-text\">Capricornio<\/figcaption>\n\t\t\t\t\t\t\t\t\t\t<\/figure>\n\t\t\t\t\t\t\t\t\t<\/div>\n\t\t\t\t<\/div>\n\t\t\t\t<\/div>\n\t\t<div class=\"elementor-element elementor-element-753722e e-con-full hs-box e-flex e-con e-child\" data-id=\"753722e\" data-element_type=\"container\">\n\t\t\t\t<div class=\"elementor-element elementor-element-cb18db9 signos-img elementor-widget elementor-widget-image\" data-id=\"cb18db9\" data-element_type=\"widget\" id=\"s11\" data-settings=\"{&quot;_animation&quot;:&quot;none&quot;}\" data-widget_type=\"image.default\">\n\t\t\t\t<div class=\"elementor-widget-container\">\n\t\t\t\t\t\t\t\t\t\t\t\t<figure class=\"wp-caption\">\n\t\t\t\t\t\t\t\t\t\t<img decoding=\"async\" src=\"https:\/\/tuastroguia.com\/wp-content\/uploads\/elementor\/thumbs\/ACUARIO-FULL-SNFONDO-r05bdata5x4ej8v4xuu41tjz0horsj4ggv58py82js.png\" title=\"ACUARIO-FULL-SNFONDO\" alt=\"ACUARIO-FULL-SNFONDO\" loading=\"lazy\" \/>\t\t\t\t\t\t\t\t\t\t\t<figcaption class=\"widget-image-caption wp-caption-text\">Acuario<\/figcaption>\n\t\t\t\t\t\t\t\t\t\t<\/figure>\n\t\t\t\t\t\t\t\t\t<\/div>\n\t\t\t\t<\/div>\n\t\t\t\t<\/div>\n\t\t<div class=\"elementor-element elementor-element-444025f e-con-full hs-box e-flex e-con e-child\" data-id=\"444025f\" data-element_type=\"container\">\n\t\t\t\t<div class=\"elementor-element elementor-element-da1752a signos-img elementor-widget elementor-widget-image\" data-id=\"da1752a\" data-element_type=\"widget\" id=\"s12\" data-settings=\"{&quot;_animation&quot;:&quot;none&quot;}\" data-widget_type=\"image.default\">\n\t\t\t\t<div class=\"elementor-widget-container\">\n\t\t\t\t\t\t\t\t\t\t\t\t<figure class=\"wp-caption\">\n\t\t\t\t\t\t\t\t\t\t<img decoding=\"async\" src=\"https:\/\/tuastroguia.com\/wp-content\/uploads\/elementor\/thumbs\/PISCIS-FULL-SINFONDO-r05beizp34svox2yrvxkt0emxln0uazuaxt29yekfc.png\" title=\"PISCIS-FULL-SINFONDO\" alt=\"PISCIS-FULL-SINFONDO\" loading=\"lazy\" \/>\t\t\t\t\t\t\t\t\t\t\t<figcaption class=\"widget-image-caption wp-caption-text\">Piscis<\/figcaption>\n\t\t\t\t\t\t\t\t\t\t<\/figure>\n\t\t\t\t\t\t\t\t\t<\/div>\n\t\t\t\t<\/div>\n\t\t\t\t<\/div>\n\t\t\t\t<\/a>\n\t\t<div class=\"elementor-element elementor-element-f51cc8b vista e-flex e-con-boxed e-con e-parent\" data-id=\"f51cc8b\" data-element_type=\"container\">\n\t\t\t\t\t<div class=\"e-con-inner\">\n\t\t\t\t<div class=\"elementor-element elementor-element-b062160 elementor-widget-divider--view-line_icon elementor-view-default elementor-widget-divider--element-align-center elementor-widget elementor-widget-divider\" data-id=\"b062160\" data-element_type=\"widget\" data-widget_type=\"divider.default\">\n\t\t\t\t<div class=\"elementor-widget-container\">\n\t\t\t\t\t\t\t<div class=\"elementor-divider\">\n\t\t\t<span class=\"elementor-divider-separator\">\n\t\t\t\t\t\t\t<div class=\"elementor-icon elementor-divider__element\">\n\t\t\t\t\t<svg aria-hidden=\"true\" class=\"e-font-icon-svg e-fas-star-and-crescent\" viewBox=\"0 0 512 512\" xmlns=\"http:\/\/www.w3.org\/2000\/svg\"><path d=\"M340.47 466.36c-1.45 0-6.89.46-9.18.46-116.25 0-210.82-94.57-210.82-210.82S215.04 45.18 331.29 45.18c2.32 0 7.7.46 9.18.46 7.13 0 13.33-5.03 14.75-12.07 1.46-7.25-2.55-14.49-9.47-17.09C316.58 5.54 286.39 0 256 0 114.84 0 0 114.84 0 256s114.84 256 256 256c30.23 0 60.28-5.49 89.32-16.32 5.96-2.02 10.28-7.64 10.28-14.26 0-8.09-6.39-15.06-15.13-15.06zm162.99-252.5l-76.38-11.1-34.16-69.21c-1.83-3.7-5.38-5.55-8.93-5.55s-7.1 1.85-8.93 5.55l-34.16 69.21-76.38 11.1c-8.17 1.18-11.43 11.22-5.52 16.99l55.27 53.87-13.05 76.07c-1.11 6.44 4.01 11.66 9.81 11.66 1.53 0 3.11-.36 4.64-1.17L384 335.37l68.31 35.91c1.53.8 3.11 1.17 4.64 1.17 5.8 0 10.92-5.23 9.81-11.66l-13.05-76.07 55.27-53.87c5.91-5.77 2.65-15.81-5.52-16.99z\"><\/path><\/svg><\/div>\n\t\t\t\t\t\t<\/span>\n\t\t<\/div>\n\t\t\t\t\t\t<\/div>\n\t\t\t\t<\/div>\n\t\t\t\t\t<\/div>\n\t\t\t\t<\/div>\n\t\t<div class=\"elementor-element elementor-element-9f0c639 e-con-full astrofondo e-flex e-con e-parent\" data-id=\"9f0c639\" data-element_type=\"container\" id=\"resumen\" data-settings=\"{&quot;background_background&quot;:&quot;classic&quot;}\">\n\t\t\t\t<div class=\"elementor-element elementor-element-144e7f1 elementor-widget elementor-widget-heading\" data-id=\"144e7f1\" data-element_type=\"widget\" data-widget_type=\"heading.default\">\n\t\t\t\t<div class=\"elementor-widget-container\">\n\t\t\t\t\t<h2 class=\"elementor-heading-title elementor-size-default\">Resumen zodiacal<\/h2>\t\t\t\t<\/div>\n\t\t\t\t<\/div>\n\t\t\t\t<div class=\"elementor-element elementor-element-8774d39 elementor-widget elementor-widget-html\" data-id=\"8774d39\" data-element_type=\"widget\" data-widget_type=\"html.default\">\n\t\t\t\t<div class=\"elementor-widget-container\">\n\t\t\t\t\t <link rel=\"stylesheet\" href=\"https:\/\/tuastroguia.com\/GuiaAstral\/styles.css\">\n\n  <script src=\"https:\/\/tuastroguia.com\/GuiaAstral\/script.js\"><\/script>\n    <div id=\"textoSaludo\"><\/div>\n            <div id=\"textoGenerico\"><\/div>\n            <br>\n            <div id=\"textoSigno\"><\/div>\n  \n\t\t\t\t<\/div>\n\t\t\t\t<\/div>\n\t\t\t\t<\/div>\n\t\t<div class=\"elementor-element elementor-element-ce50b52 e-flex e-con-boxed e-con e-parent\" data-id=\"ce50b52\" data-element_type=\"container\">\n\t\t\t\t\t<div class=\"e-con-inner\">\n\t\t\t\t<div class=\"elementor-element elementor-element-c78263e elementor-shape-rounded elementor-grid-0 e-grid-align-center elementor-widget elementor-widget-social-icons\" data-id=\"c78263e\" data-element_type=\"widget\" data-widget_type=\"social-icons.default\">\n\t\t\t\t<div class=\"elementor-widget-container\">\n\t\t\t\t\t\t\t<div class=\"elementor-social-icons-wrapper elementor-grid\">\n\t\t\t\t\t\t\t<span class=\"elementor-grid-item\">\n\t\t\t\t\t<a class=\"elementor-icon elementor-social-icon elementor-social-icon-facebook elementor-repeater-item-73b9689\" href=\"https:\/\/www.facebook.com\/tuastroguia\" target=\"_blank\">\n\t\t\t\t\t\t<span class=\"elementor-screen-only\">Facebook<\/span>\n\t\t\t\t\t\t<svg class=\"e-font-icon-svg e-fab-facebook\" viewBox=\"0 0 512 512\" xmlns=\"http:\/\/www.w3.org\/2000\/svg\"><path d=\"M504 256C504 119 393 8 256 8S8 119 8 256c0 123.78 90.69 226.38 209.25 245V327.69h-63V256h63v-54.64c0-62.15 37-96.48 93.67-96.48 27.14 0 55.52 4.84 55.52 4.84v61h-31.28c-30.8 0-40.41 19.12-40.41 38.73V256h68.78l-11 71.69h-57.78V501C413.31 482.38 504 379.78 504 256z\"><\/path><\/svg>\t\t\t\t\t<\/a>\n\t\t\t\t<\/span>\n\t\t\t\t\t\t\t<span class=\"elementor-grid-item\">\n\t\t\t\t\t<a class=\"elementor-icon elementor-social-icon elementor-social-icon-x-twitter elementor-repeater-item-7a263b9\" href=\"http:\/\/twitter.com\/TUASTRoguia\" target=\"_blank\">\n\t\t\t\t\t\t<span class=\"elementor-screen-only\">X-twitter<\/span>\n\t\t\t\t\t\t<svg class=\"e-font-icon-svg e-fab-x-twitter\" viewBox=\"0 0 512 512\" xmlns=\"http:\/\/www.w3.org\/2000\/svg\"><path d=\"M389.2 48h70.6L305.6 224.2 487 464H345L233.7 318.6 106.5 464H35.8L200.7 275.5 26.8 48H172.4L272.9 180.9 389.2 48zM364.4 421.8h39.1L151.1 88h-42L364.4 421.8z\"><\/path><\/svg>\t\t\t\t\t<\/a>\n\t\t\t\t<\/span>\n\t\t\t\t\t\t\t<span class=\"elementor-grid-item\">\n\t\t\t\t\t<a class=\"elementor-icon elementor-social-icon elementor-social-icon-youtube elementor-repeater-item-2b958c4\" href=\"https:\/\/www.youtube.com\/@tuastroguiacom\" target=\"_blank\">\n\t\t\t\t\t\t<span class=\"elementor-screen-only\">Youtube<\/span>\n\t\t\t\t\t\t<svg class=\"e-font-icon-svg e-fab-youtube\" viewBox=\"0 0 576 512\" xmlns=\"http:\/\/www.w3.org\/2000\/svg\"><path d=\"M549.655 124.083c-6.281-23.65-24.787-42.276-48.284-48.597C458.781 64 288 64 288 64S117.22 64 74.629 75.486c-23.497 6.322-42.003 24.947-48.284 48.597-11.412 42.867-11.412 132.305-11.412 132.305s0 89.438 11.412 132.305c6.281 23.65 24.787 41.5 48.284 47.821C117.22 448 288 448 288 448s170.78 0 213.371-11.486c23.497-6.321 42.003-24.171 48.284-47.821 11.412-42.867 11.412-132.305 11.412-132.305s0-89.438-11.412-132.305zm-317.51 213.508V175.185l142.739 81.205-142.739 81.201z\"><\/path><\/svg>\t\t\t\t\t<\/a>\n\t\t\t\t<\/span>\n\t\t\t\t\t\t\t<span class=\"elementor-grid-item\">\n\t\t\t\t\t<a class=\"elementor-icon elementor-social-icon elementor-social-icon-instagram elementor-repeater-item-2149b4a\" href=\"https:\/\/www.instagram.com\/tuastroguiacom\/\" target=\"_blank\">\n\t\t\t\t\t\t<span class=\"elementor-screen-only\">Instagram<\/span>\n\t\t\t\t\t\t<svg class=\"e-font-icon-svg e-fab-instagram\" viewBox=\"0 0 448 512\" xmlns=\"http:\/\/www.w3.org\/2000\/svg\"><path d=\"M224.1 141c-63.6 0-114.9 51.3-114.9 114.9s51.3 114.9 114.9 114.9S339 319.5 339 255.9 287.7 141 224.1 141zm0 189.6c-41.1 0-74.7-33.5-74.7-74.7s33.5-74.7 74.7-74.7 74.7 33.5 74.7 74.7-33.6 74.7-74.7 74.7zm146.4-194.3c0 14.9-12 26.8-26.8 26.8-14.9 0-26.8-12-26.8-26.8s12-26.8 26.8-26.8 26.8 12 26.8 26.8zm76.1 27.2c-1.7-35.9-9.9-67.7-36.2-93.9-26.2-26.2-58-34.4-93.9-36.2-37-2.1-147.9-2.1-184.9 0-35.8 1.7-67.6 9.9-93.9 36.1s-34.4 58-36.2 93.9c-2.1 37-2.1 147.9 0 184.9 1.7 35.9 9.9 67.7 36.2 93.9s58 34.4 93.9 36.2c37 2.1 147.9 2.1 184.9 0 35.9-1.7 67.7-9.9 93.9-36.2 26.2-26.2 34.4-58 36.2-93.9 2.1-37 2.1-147.8 0-184.8zM398.8 388c-7.8 19.6-22.9 34.7-42.6 42.6-29.5 11.7-99.5 9-132.1 9s-102.7 2.6-132.1-9c-19.6-7.8-34.7-22.9-42.6-42.6-11.7-29.5-9-99.5-9-132.1s-2.6-102.7 9-132.1c7.8-19.6 22.9-34.7 42.6-42.6 29.5-11.7 99.5-9 132.1-9s102.7-2.6 132.1 9c19.6 7.8 34.7 22.9 42.6 42.6 11.7 29.5 9 99.5 9 132.1s2.7 102.7-9 132.1z\"><\/path><\/svg>\t\t\t\t\t<\/a>\n\t\t\t\t<\/span>\n\t\t\t\t\t\t\t<span class=\"elementor-grid-item\">\n\t\t\t\t\t<a class=\"elementor-icon elementor-social-icon elementor-social-icon-threads elementor-repeater-item-4ad2c57\" href=\"https:\/\/www.threads.net\/@tuastroguiacom\" target=\"_blank\">\n\t\t\t\t\t\t<span class=\"elementor-screen-only\">Threads<\/span>\n\t\t\t\t\t\t<svg class=\"e-font-icon-svg e-fab-threads\" viewBox=\"0 0 448 512\" xmlns=\"http:\/\/www.w3.org\/2000\/svg\"><path d=\"M331.5 235.7c2.2 .9 4.2 1.9 6.3 2.8c29.2 14.1 50.6 35.2 61.8 61.4c15.7 36.5 17.2 95.8-30.3 143.2c-36.2 36.2-80.3 52.5-142.6 53h-.3c-70.2-.5-124.1-24.1-160.4-70.2c-32.3-41-48.9-98.1-49.5-169.6V256v-.2C17 184.3 33.6 127.2 65.9 86.2C102.2 40.1 156.2 16.5 226.4 16h.3c70.3 .5 124.9 24 162.3 69.9c18.4 22.7 32 50 40.6 81.7l-40.4 10.8c-7.1-25.8-17.8-47.8-32.2-65.4c-29.2-35.8-73-54.2-130.5-54.6c-57 .5-100.1 18.8-128.2 54.4C72.1 146.1 58.5 194.3 58 256c.5 61.7 14.1 109.9 40.3 143.3c28 35.6 71.2 53.9 128.2 54.4c51.4-.4 85.4-12.6 113.7-40.9c32.3-32.2 31.7-71.8 21.4-95.9c-6.1-14.2-17.1-26-31.9-34.9c-3.7 26.9-11.8 48.3-24.7 64.8c-17.1 21.8-41.4 33.6-72.7 35.3c-23.6 1.3-46.3-4.4-63.9-16c-20.8-13.8-33-34.8-34.3-59.3c-2.5-48.3 35.7-83 95.2-86.4c21.1-1.2 40.9-.3 59.2 2.8c-2.4-14.8-7.3-26.6-14.6-35.2c-10-11.7-25.6-17.7-46.2-17.8H227c-16.6 0-39 4.6-53.3 26.3l-34.4-23.6c19.2-29.1 50.3-45.1 87.8-45.1h.8c62.6 .4 99.9 39.5 103.7 107.7l-.2 .2zm-156 68.8c1.3 25.1 28.4 36.8 54.6 35.3c25.6-1.4 54.6-11.4 59.5-73.2c-13.2-2.9-27.8-4.4-43.4-4.4c-4.8 0-9.6 .1-14.4 .4c-42.9 2.4-57.2 23.2-56.2 41.8l-.1 .1z\"><\/path><\/svg>\t\t\t\t\t<\/a>\n\t\t\t\t<\/span>\n\t\t\t\t\t<\/div>\n\t\t\t\t\t\t<\/div>\n\t\t\t\t<\/div>\n\t\t\t\t\t<\/div>\n\t\t\t\t<\/div>\n\t\t\t\t<\/div>\n\t\t","protected":false},"excerpt":{"rendered":"<p>Bienvenido a TUASTROGUIA, tu fuente confiable para un hor\u00f3scopo totalmente personalizado y basado en la ciencia astron\u00f3mica. En nuestra p\u00e1gina, www.tuastroguia.com, te ofrecemos predicciones astrol\u00f3gicas precisas, fundamentadas en los movimientos de los astros, las fases lunares, los efectos estelares y planetarios. Olvidate de las supersticiones: aqu\u00ed nos basamos exclusivamente en datos cient\u00edficos y observaciones astron\u00f3micas. [&hellip;]<\/p>\n","protected":false},"author":1,"featured_media":0,"parent":0,"menu_order":0,"comment_status":"closed","ping_status":"closed","template":"elementor_header_footer","meta":{"inline_featured_image":false,"footnotes":""},"class_list":["post-64","page","type-page","status-publish","hentry"],"_links":{"self":[{"href":"https:\/\/tuastroguia.com\/index.php?rest_route=\/wp\/v2\/pages\/64","targetHints":{"allow":["GET"]}}],"collection":[{"href":"https:\/\/tuastroguia.com\/index.php?rest_route=\/wp\/v2\/pages"}],"about":[{"href":"https:\/\/tuastroguia.com\/index.php?rest_route=\/wp\/v2\/types\/page"}],"author":[{"embeddable":true,"href":"https:\/\/tuastroguia.com\/index.php?rest_route=\/wp\/v2\/users\/1"}],"replies":[{"embeddable":true,"href":"https:\/\/tuastroguia.com\/index.php?rest_route=%2Fwp%2Fv2%2Fcomments&post=64"}],"version-history":[{"count":251,"href":"https:\/\/tuastroguia.com\/index.php?rest_route=\/wp\/v2\/pages\/64\/revisions"}],"predecessor-version":[{"id":719,"href":"https:\/\/tuastroguia.com\/index.php?rest_route=\/wp\/v2\/pages\/64\/revisions\/719"}],"wp:attachment":[{"href":"https:\/\/tuastroguia.com\/index.php?rest_route=%2Fwp%2Fv2%2Fmedia&parent=64"}],"curies":[{"name":"wp","href":"https:\/\/api.w.org\/{rel}","templated":true}]}}